{"id":85286,"date":"2021-05-23T18:12:06","date_gmt":"2021-05-23T18:12:06","guid":{"rendered":"https:\/\/codigoecommerce.com\/que-opinan-los-clientes-de-codigo-ecommerce\/"},"modified":"2021-08-28T17:33:06","modified_gmt":"2021-08-28T17:33:06","slug":"que-opinan-los-clientes-de-codigo-ecommerce","status":"publish","type":"page","link":"https:\/\/codigoecommerce.com\/en\/que-opinan-los-clientes-de-codigo-ecommerce\/","title":{"rendered":"QUE OPINAN LOS CLIENTES DE C\u00d3DIGO ECOMMERCE"},"content":{"rendered":"<div id='av_section_1'  class='avia-section main_color avia-section-default avia-no-border-styling  avia-bg-style-scroll  avia-builder-el-0  el_before_av_section  avia-builder-el-first  dw_generic_white  av-minimum-height av-minimum-height-15  container_wrap fullsize' style='background-color: #043554;  '   data-av_minimum_height_pc='15'><div class='container' ><main  role=\"main\" itemprop=\"mainContentOfPage\"  class='template-page content  av-content-full alpha units'><div class='post-entry post-entry-type-page post-entry-85286'><div class='entry-content-wrapper clearfix'>\n<\/div><\/div><\/main><!-- close content main element --><\/div><\/div><div id='av_section_2'  class='avia-section main_color avia-section-no-padding avia-no-border-styling  avia-bg-style-scroll  avia-builder-el-1  el_after_av_section  avia-builder-el-last  dw_generic  container_wrap fullsize' style=' '  ><div class='container' ><div class='template-page content  av-content-full alpha units'><div class='post-entry post-entry-type-page post-entry-85286'><div class='entry-content-wrapper clearfix'>\n<div class=\"flex_column av_one_full  flex_column_div av-zero-column-padding first  avia-builder-el-2  el_before_av_one_fifth  avia-builder-el-first  \" style='margin-top:80px; margin-bottom:0px; border-radius:0px; '><section class=\"av_textblock_section \"  id=\"first_parraf\"  itemscope=\"itemscope\" itemtype=\"https:\/\/schema.org\/CreativeWork\" ><div class='avia_textblock  '   itemprop=\"text\" ><h2 style=\"text-align: center;\">No hay nada m\u00e1s valioso que la<br \/>\nopini\u00f3n de un cliente<\/h2>\n<p style=\"text-align: center;\">Nuestros clientes son el motor de esta empresa. Por ello nos gusta recibir sus comentarios porque<br \/>\nnuestro objetivo principal es tener clientes felices, clientes contentos.<br \/>\nGracias a todos vosotros por vuestro comentarios.<\/p>\n<\/div><\/section><\/div><div class=\"flex_column av_one_fifth  flex_column_div av-zero-column-padding first  avia-builder-el-4  el_after_av_one_full  el_before_av_three_fifth  column-top-margin\" style='border-radius:0px; '><\/div><div class=\"flex_column av_three_fifth  flex_column_div av-zero-column-padding   avia-builder-el-5  el_after_av_one_fifth  el_before_av_one_fifth  column-top-margin\" style='border-radius:0px; '><div  class='avia-builder-widget-area clearfix  avia-builder-el-6  avia-builder-el-no-sibling '><div id=\"custom_html-2\" class=\"widget_text widget clearfix widget_custom_html\"><div class=\"textwidget custom-html-widget\"><div class=\"google-business-reviews-rating gmbrr center\">\r\n\t<h2 class=\"heading\"><span class=\"icon\"><img src=\"https:\/\/codigoecommerce.com\/wp-content\/uploads\/2021\/05\/LOGO_INSTAGRAM.jpg\" alt=\"C\u00f3digo eCommerce Icon\"><\/span>C\u00f3digo eCommerce<\/h2>\r\n\t<p class=\"vicinity\">Calle de \u00c1ngel Lozano, 18, Alicante (Alacant)<\/p>\r\n\t<p class=\"rating\"><span class=\"number\">4.7<\/span> <span class=\"all-stars animate\"><span class=\"star\"><\/span><span class=\"star\"><\/span><span class=\"star\"><\/span><span class=\"star\"><\/span><span class=\"star split-70-30\"><\/span><\/span> <a href=\"https:\/\/search.google.com\/local\/reviews?placeid=ChIJBSZyqwY3Yg0RhvlpqD-GlaY\" target=\"_blank\" rel=\"nofollow noopener\" class=\"count\">7 reviews<\/a><\/p>\r\n\t<ul class=\"listing\">\r\n\t\t<li class=\"rating-5\" data-index=\"0\">\r\n\t\t\t<span class=\"author-avatar\"><a href=\"https:\/\/www.google.com\/maps\/contrib\/101924674279665460106\/reviews\" target=\"_blank\" rel=\"nofollow noopener\"><img src=\"https:\/\/lh3.googleusercontent.com\/a-\/AOh14Gj5H8hdCRaLpEm5E4B3JldSlUM3ExTVUm-47UCW=s128-c0x00000000-cc-rp-mo\" alt=\"Avatar\"><\/a><\/span>\r\n\t\t\t<span class=\"author-name\"><a href=\"https:\/\/www.google.com\/maps\/contrib\/101924674279665460106\/reviews\" target=\"_blank\" rel=\"nofollow noopener\">Anastasia Chuzhkova<\/a><\/span>\r\n\t\t\t<span class=\"rating\">\u2605\u2605\u2605\u2605\u2605<\/span>\r\n\t\t\t<span class=\"relative-time-description\">hace 4 a\u00f1os<\/span>\r\n\t\t\t<div class=\"text text-excerpt\"><span class=\"review-snippet\">Una empresa de aut\u00e9nticos profesionales. Saben muy bien lo que hacen y lo hacen de maravilla. Ten\u00eda muchas dudas a la hora de montar mi web pero ellos me ayudaron y me aconsejaron lo mejor. Ahora funciona perfectamente. Seguimos mejorando<\/span> <span class=\"review-more-placeholder\">\u2026 More<\/span><span class=\"review-full-text\"> y creciendo cada d\u00eda.<\/span><\/div>\r\n\t\t<\/li>\r\n\t\t<li class=\"rating-5\" data-index=\"1\">\r\n\t\t\t<span class=\"author-avatar\"><a href=\"https:\/\/www.google.com\/maps\/contrib\/113252963406129465754\/reviews\" target=\"_blank\" rel=\"nofollow noopener\"><img src=\"https:\/\/lh3.googleusercontent.com\/a-\/ALV-UjUZtJm7nbaemVzv5wqv4hp9KPgvXDT-I8yVmYuyztrUuJzXgvA=s128-c0x00000000-cc-rp-mo-ba2\" alt=\"Avatar\"><\/a><\/span>\r\n\t\t\t<span class=\"author-name\"><a href=\"https:\/\/www.google.com\/maps\/contrib\/113252963406129465754\/reviews\" target=\"_blank\" rel=\"nofollow noopener\">Roc\u00edo Roca Pic\u00f3<\/a><\/span>\r\n\t\t\t<span class=\"rating\">\u2605\u2605\u2605\u2605\u2605<\/span>\r\n\t\t\t<span class=\"relative-time-description\">Hace 3 a\u00f1os<\/span>\r\n\t\t\t<div class=\"text text-excerpt\"><span class=\"review-snippet\">Llevo trabajando con John desde el minuto 0 en que se cre\u00f3 mi web. Para mi es fundamental la profesionalidad y seriedad en este campo. Tener un buen profesional que gestione y sobre todo, de forma a todas mis ideas, es imprescindible. Con<\/span> <span class=\"review-more-placeholder\">\u2026 More<\/span><span class=\"review-full-text\"> John, todo lo que tengo en mente, consigo ejecutarlo. Much\u00edsimas gracias!!<\/span><\/div>\r\n\t\t<\/li>\r\n\t\t<li class=\"rating-4\" data-index=\"2\">\r\n\t\t\t<span class=\"author-avatar\"><a href=\"https:\/\/www.google.com\/maps\/contrib\/112192122494256685667\/reviews\" target=\"_blank\" rel=\"nofollow noopener\"><img src=\"https:\/\/lh3.googleusercontent.com\/a\/ACg8ocKChu2FTTmAwPlf6nAtPTlBawmCMhOn6jXDG9HLxBMHVe4zqcX5=s128-c0x00000000-cc-rp-mo\" alt=\"Avatar\"><\/a><\/span>\r\n\t\t\t<span class=\"author-name\"><a href=\"https:\/\/www.google.com\/maps\/contrib\/112192122494256685667\/reviews\" target=\"_blank\" rel=\"nofollow noopener\">Alba<\/a><\/span>\r\n\t\t\t<span class=\"rating\">\u2605\u2605\u2605\u2605<span class=\"not\">\u2606<\/span><\/span>\r\n\t\t\t<span class=\"relative-time-description\">Hace 3 a\u00f1os<\/span>\r\n\t\t\t<div class=\"text\">M\u00e1s que satisfecha con sus servicios. Ofrecen profesionalidad, con una relaci\u00f3n de calidad-precio estupenda.<\/div>\r\n\t\t<\/li>\r\n\t\t<li class=\"rating-5\" data-index=\"3\">\r\n\t\t\t<span class=\"author-avatar\"><a href=\"https:\/\/www.google.com\/maps\/contrib\/111784335309901778988\/reviews\" target=\"_blank\" rel=\"nofollow noopener\"><img src=\"https:\/\/lh3.googleusercontent.com\/a-\/AOh14GhqDntxZ9XB1a-WrWAYx4NhqxI_pIuM1_Gn12TOtA=s128-c0x00000000-cc-rp-mo\" alt=\"Avatar\"><\/a><\/span>\r\n\t\t\t<span class=\"author-name\"><a href=\"https:\/\/www.google.com\/maps\/contrib\/111784335309901778988\/reviews\" target=\"_blank\" rel=\"nofollow noopener\">John Christopher Flores LLayeri<\/a><\/span>\r\n\t\t\t<span class=\"rating\">\u2605\u2605\u2605\u2605\u2605<\/span>\r\n\t\t\t<span class=\"relative-time-description\">hace 4 a\u00f1os<\/span>\r\n\t\t\t<div class=\"text\">Una consultor\u00eda de desarrollo web genial, un equipo amigable y sobre todo muy profesionales para todo.<\/div>\r\n\t\t<\/li>\r\n\t\t<li class=\"rating-5\" data-index=\"4\">\r\n\t\t\t<span class=\"author-avatar\"><a href=\"https:\/\/www.google.com\/maps\/contrib\/116824519885901786091\/reviews\" target=\"_blank\" rel=\"nofollow noopener\"><img src=\"https:\/\/lh3.googleusercontent.com\/a-\/ALV-UjWDx57NbDzh3NLMyARkaS32tFkpn42l3wH7rUNpDKHRV2yDTiTh=s128-c0x00000000-cc-rp-mo\" alt=\"Avatar\"><\/a><\/span>\r\n\t\t\t<span class=\"author-name\"><a href=\"https:\/\/www.google.com\/maps\/contrib\/116824519885901786091\/reviews\" target=\"_blank\" rel=\"nofollow noopener\">Jos\u00e9 Manuel Bell\u00f3n L\u00f3pez de Ant\u00f3n Bueno<\/a><\/span>\r\n\t\t\t<span class=\"rating\">\u2605\u2605\u2605\u2605\u2605<\/span>\r\n\t\t\t<span class=\"relative-time-description\">Hace 3 a\u00f1os<\/span>\r\n\t\t\t<div class=\"text text-excerpt\"><span class=\"review-snippet\">Muy profesionales. Gracias a su experiencia, detectan nuestras necesidades, y el tiempo de implementaci\u00f3n de \u00e9stas es muy r\u00e1pido. Conocen muy bien las plataformas de tiendas online, su dise\u00f1o, su estructura, y todas sus aplicaciones para<\/span> <span class=\"review-more-placeholder\">\u2026 More<\/span><span class=\"review-full-text\"> conectar con otros sistemas.<\/span><\/div>\r\n\t\t<\/li>\r\n\t\t<li class=\"rating-5\" data-index=\"5\">\r\n\t\t\t<span class=\"author-avatar\"><a href=\"https:\/\/www.google.com\/maps\/contrib\/117035858642289980861\/reviews\" target=\"_blank\" rel=\"nofollow noopener\"><img src=\"https:\/\/lh3.googleusercontent.com\/a-\/AOh14GgMErLdNLXGjbgSPBsUxX4D4FwBeCONPZvfiU2Z=s128-c0x00000000-cc-rp-mo\" alt=\"Avatar\"><\/a><\/span>\r\n\t\t\t<span class=\"author-name\"><a href=\"https:\/\/www.google.com\/maps\/contrib\/117035858642289980861\/reviews\" target=\"_blank\" rel=\"nofollow noopener\">Fraber mochilas y maletas<\/a><\/span>\r\n\t\t\t<span class=\"rating\">\u2605\u2605\u2605\u2605\u2605<\/span>\r\n\t\t\t<span class=\"relative-time-description\">hace 4 a\u00f1os<\/span>\r\n\t\t\t<div class=\"text\">GRAN PROFESIONAL , Y MUY BUEN TRATO<\/div>\r\n\t\t<\/li>\r\n\t<\/ul>\r\n\t<p class=\"attribution\"><span class=\"powered-by-google\" title=\"Powered by Google\"><\/span><\/p>\r\n<\/div>\r\n<\/div><\/div><\/div><\/div><div class=\"flex_column av_one_fifth  flex_column_div av-zero-column-padding   avia-builder-el-7  el_after_av_three_fifth  avia-builder-el-last  column-top-margin\" style='border-radius:0px; '><\/div>\n","protected":false},"excerpt":{"rendered":"","protected":false},"author":1,"featured_media":0,"parent":0,"menu_order":0,"comment_status":"closed","ping_status":"closed","template":"","meta":[],"yoast_head":"<!-- This site is optimized with the Yoast SEO plugin v17.9 - https:\/\/yoast.com\/wordpress\/plugins\/seo\/ -->\n<title>QUE OPINAN LOS CLIENTES DE C\u00d3DIGO ECOMMERCE - C\u00f3digo eCommerce<\/title>\n<meta name=\"robots\" content=\"index, follow, max-snippet:-1, max-image-preview:large, max-video-preview:-1\" \/>\n<link rel=\"canonical\" href=\"https:\/\/codigoecommerce.com\/en\/que-opinan-los-clientes-de-codigo-ecommerce\/\" \/>\n<meta property=\"og:locale\" content=\"en_US\" \/>\n<meta property=\"og:type\" content=\"article\" \/>\n<meta property=\"og:title\" content=\"QUE OPINAN LOS CLIENTES DE C\u00d3DIGO ECOMMERCE - C\u00f3digo eCommerce\" \/>\n<meta property=\"og:url\" content=\"https:\/\/codigoecommerce.com\/en\/que-opinan-los-clientes-de-codigo-ecommerce\/\" \/>\n<meta property=\"og:site_name\" content=\"C\u00f3digo eCommerce\" \/>\n<meta property=\"article:modified_time\" content=\"2021-08-28T17:33:06+00:00\" \/>\n<meta property=\"og:image\" content=\"https:\/\/codigoecommerce.com\/wp-content\/uploads\/2021\/01\/logo-1.jpg\" \/>\n\t<meta property=\"og:image:width\" content=\"350\" \/>\n\t<meta property=\"og:image:height\" content=\"70\" \/>\n\t<meta property=\"og:image:type\" content=\"image\/jpeg\" \/>\n<meta name=\"twitter:card\" content=\"summary_large_image\" \/>\n<meta name=\"twitter:label1\" content=\"Est. reading time\" \/>\n\t<meta name=\"twitter:data1\" content=\"2 minutes\" \/>\n<script type=\"application\/ld+json\" class=\"yoast-schema-graph\">{\"@context\":\"https:\/\/schema.org\",\"@graph\":[{\"@type\":\"Organization\",\"@id\":\"https:\/\/codigoecommerce.com\/#organization\",\"name\":\"C\\u00d3DIGO ECOMMERCE\",\"url\":\"https:\/\/codigoecommerce.com\/\",\"sameAs\":[\"https:\/\/www.instagram.com\/codigoecommerce\/\"],\"logo\":{\"@type\":\"ImageObject\",\"@id\":\"https:\/\/codigoecommerce.com\/#logo\",\"inLanguage\":\"en-US\",\"url\":\"https:\/\/codigoecommerce.com\/wp-content\/uploads\/2021\/01\/logo-1.jpg\",\"contentUrl\":\"https:\/\/codigoecommerce.com\/wp-content\/uploads\/2021\/01\/logo-1.jpg\",\"width\":350,\"height\":70,\"caption\":\"C\\u00d3DIGO ECOMMERCE\"},\"image\":{\"@id\":\"https:\/\/codigoecommerce.com\/#logo\"}},{\"@type\":\"WebSite\",\"@id\":\"https:\/\/codigoecommerce.com\/#website\",\"url\":\"https:\/\/codigoecommerce.com\/\",\"name\":\"C\\u00d3DIGO ECOMMERCE\",\"description\":\"Consultor\\u00eda de Dise\\u00f1o y Desarrollo de p\\u00e1ginas Web.\",\"publisher\":{\"@id\":\"https:\/\/codigoecommerce.com\/#organization\"},\"potentialAction\":[{\"@type\":\"SearchAction\",\"target\":{\"@type\":\"EntryPoint\",\"urlTemplate\":\"https:\/\/codigoecommerce.com\/?s={search_term_string}\"},\"query-input\":\"required name=search_term_string\"}],\"inLanguage\":\"en-US\"},{\"@type\":\"WebPage\",\"@id\":\"https:\/\/codigoecommerce.com\/en\/que-opinan-los-clientes-de-codigo-ecommerce\/#webpage\",\"url\":\"https:\/\/codigoecommerce.com\/en\/que-opinan-los-clientes-de-codigo-ecommerce\/\",\"name\":\"QUE OPINAN LOS CLIENTES DE C\\u00d3DIGO ECOMMERCE - C\\u00f3digo eCommerce\",\"isPartOf\":{\"@id\":\"https:\/\/codigoecommerce.com\/#website\"},\"datePublished\":\"2021-05-23T18:12:06+00:00\",\"dateModified\":\"2021-08-28T17:33:06+00:00\",\"breadcrumb\":{\"@id\":\"https:\/\/codigoecommerce.com\/en\/que-opinan-los-clientes-de-codigo-ecommerce\/#breadcrumb\"},\"inLanguage\":\"en-US\",\"potentialAction\":[{\"@type\":\"ReadAction\",\"target\":[\"https:\/\/codigoecommerce.com\/en\/que-opinan-los-clientes-de-codigo-ecommerce\/\"]}]},{\"@type\":\"BreadcrumbList\",\"@id\":\"https:\/\/codigoecommerce.com\/en\/que-opinan-los-clientes-de-codigo-ecommerce\/#breadcrumb\",\"itemListElement\":[{\"@type\":\"ListItem\",\"position\":1,\"name\":\"Portada\",\"item\":\"https:\/\/codigoecommerce.com\/en\/\"},{\"@type\":\"ListItem\",\"position\":2,\"name\":\"QUE OPINAN LOS CLIENTES DE C\\u00d3DIGO ECOMMERCE\"}]}]}<\/script>\n<!-- \/ Yoast SEO plugin. -->","yoast_head_json":{"title":"QUE OPINAN LOS CLIENTES DE C\u00d3DIGO ECOMMERCE - C\u00f3digo eCommerce","robots":{"index":"index","follow":"follow","max-snippet":"max-snippet:-1","max-image-preview":"max-image-preview:large","max-video-preview":"max-video-preview:-1"},"canonical":"https:\/\/codigoecommerce.com\/en\/que-opinan-los-clientes-de-codigo-ecommerce\/","og_locale":"en_US","og_type":"article","og_title":"QUE OPINAN LOS CLIENTES DE C\u00d3DIGO ECOMMERCE - C\u00f3digo eCommerce","og_url":"https:\/\/codigoecommerce.com\/en\/que-opinan-los-clientes-de-codigo-ecommerce\/","og_site_name":"C\u00f3digo eCommerce","article_modified_time":"2021-08-28T17:33:06+00:00","og_image":[{"width":350,"height":70,"url":"https:\/\/codigoecommerce.com\/wp-content\/uploads\/2021\/01\/logo-1.jpg","type":"image\/jpeg"}],"twitter_card":"summary_large_image","twitter_misc":{"Est. reading time":"2 minutes"},"schema":{"@context":"https:\/\/schema.org","@graph":[{"@type":"Organization","@id":"https:\/\/codigoecommerce.com\/#organization","name":"C\u00d3DIGO ECOMMERCE","url":"https:\/\/codigoecommerce.com\/","sameAs":["https:\/\/www.instagram.com\/codigoecommerce\/"],"logo":{"@type":"ImageObject","@id":"https:\/\/codigoecommerce.com\/#logo","inLanguage":"en-US","url":"https:\/\/codigoecommerce.com\/wp-content\/uploads\/2021\/01\/logo-1.jpg","contentUrl":"https:\/\/codigoecommerce.com\/wp-content\/uploads\/2021\/01\/logo-1.jpg","width":350,"height":70,"caption":"C\u00d3DIGO ECOMMERCE"},"image":{"@id":"https:\/\/codigoecommerce.com\/#logo"}},{"@type":"WebSite","@id":"https:\/\/codigoecommerce.com\/#website","url":"https:\/\/codigoecommerce.com\/","name":"C\u00d3DIGO ECOMMERCE","description":"Consultor\u00eda de Dise\u00f1o y Desarrollo de p\u00e1ginas Web.","publisher":{"@id":"https:\/\/codigoecommerce.com\/#organization"},"potentialAction":[{"@type":"SearchAction","target":{"@type":"EntryPoint","urlTemplate":"https:\/\/codigoecommerce.com\/?s={search_term_string}"},"query-input":"required name=search_term_string"}],"inLanguage":"en-US"},{"@type":"WebPage","@id":"https:\/\/codigoecommerce.com\/en\/que-opinan-los-clientes-de-codigo-ecommerce\/#webpage","url":"https:\/\/codigoecommerce.com\/en\/que-opinan-los-clientes-de-codigo-ecommerce\/","name":"QUE OPINAN LOS CLIENTES DE C\u00d3DIGO ECOMMERCE - C\u00f3digo eCommerce","isPartOf":{"@id":"https:\/\/codigoecommerce.com\/#website"},"datePublished":"2021-05-23T18:12:06+00:00","dateModified":"2021-08-28T17:33:06+00:00","breadcrumb":{"@id":"https:\/\/codigoecommerce.com\/en\/que-opinan-los-clientes-de-codigo-ecommerce\/#breadcrumb"},"inLanguage":"en-US","potentialAction":[{"@type":"ReadAction","target":["https:\/\/codigoecommerce.com\/en\/que-opinan-los-clientes-de-codigo-ecommerce\/"]}]},{"@type":"BreadcrumbList","@id":"https:\/\/codigoecommerce.com\/en\/que-opinan-los-clientes-de-codigo-ecommerce\/#breadcrumb","itemListElement":[{"@type":"ListItem","position":1,"name":"Portada","item":"https:\/\/codigoecommerce.com\/en\/"},{"@type":"ListItem","position":2,"name":"QUE OPINAN LOS CLIENTES DE C\u00d3DIGO ECOMMERCE"}]}]}},"_links":{"self":[{"href":"https:\/\/codigoecommerce.com\/en\/wp-json\/wp\/v2\/pages\/85286"}],"collection":[{"href":"https:\/\/codigoecommerce.com\/en\/wp-json\/wp\/v2\/pages"}],"about":[{"href":"https:\/\/codigoecommerce.com\/en\/wp-json\/wp\/v2\/types\/page"}],"author":[{"embeddable":true,"href":"https:\/\/codigoecommerce.com\/en\/wp-json\/wp\/v2\/users\/1"}],"replies":[{"embeddable":true,"href":"https:\/\/codigoecommerce.com\/en\/wp-json\/wp\/v2\/comments?post=85286"}],"version-history":[{"count":6,"href":"https:\/\/codigoecommerce.com\/en\/wp-json\/wp\/v2\/pages\/85286\/revisions"}],"predecessor-version":[{"id":85363,"href":"https:\/\/codigoecommerce.com\/en\/wp-json\/wp\/v2\/pages\/85286\/revisions\/85363"}],"wp:attachment":[{"href":"https:\/\/codigoecommerce.com\/en\/wp-json\/wp\/v2\/media?parent=85286"}],"curies":[{"name":"wp","href":"https:\/\/api.w.org\/{rel}","templated":true}]}}