{"id":85226,"date":"2021-04-02T19:00:41","date_gmt":"2021-04-02T19:00:41","guid":{"rendered":"https:\/\/codigoecommerce.com\/contacto\/"},"modified":"2021-05-22T10:07:05","modified_gmt":"2021-05-22T10:07:05","slug":"contacto","status":"publish","type":"page","link":"https:\/\/codigoecommerce.com\/en\/contacto\/","title":{"rendered":"CONTACTO"},"content":{"rendered":"<div id='av_section_1'  class='avia-section main_color avia-section-default avia-no-border-styling  avia-bg-style-scroll  avia-builder-el-0  el_before_av_section  avia-builder-el-first  dw_generic_white  av-small-hide av-mini-hide av-minimum-height av-minimum-height-15  container_wrap fullsize' style='background-color: #043554;  '   data-av_minimum_height_pc='15'><div class='container' ><main  role=\"main\" itemprop=\"mainContentOfPage\"  class='template-page content  av-content-full alpha units'><div class='post-entry post-entry-type-page post-entry-85226'><div class='entry-content-wrapper clearfix'>\n<\/div><\/div><\/main><!-- close content main element --><\/div><\/div><div id='av_section_2'  class='avia-section main_color avia-section-large avia-no-border-styling  avia-bg-style-scroll  avia-builder-el-1  el_after_av_section  el_before_av_section  dw_generic animateAs2active  container_wrap fullsize' style='background-color: #f8f8f8;  '  ><div class='container' ><div class='template-page content  av-content-full alpha units'><div class='post-entry post-entry-type-page post-entry-85226'><div class='entry-content-wrapper clearfix'>\n<section class=\"av_textblock_section \"  id=\"first_parraf\"  itemscope=\"itemscope\" itemtype=\"https:\/\/schema.org\/CreativeWork\" ><div class='avia_textblock  '   itemprop=\"text\" ><h2 style=\"text-align: center;\">Choose what do you want to have on your website,<br \/>\nwe make it real<\/h2>\n<p style=\"text-align: center;\"><strong>Do you want to start a business project? Do you have traffic but no sales?<br \/>\nDoes your SEO leave much to be desired? Do you need an online store?<\/strong><\/p>\n<p style=\"text-align: center;\">Briefly explain to us what you need by filling out this form and we will contact you quickly, sure that together we can give life to your project.<\/p>\n<div class=\"content_whatsapp\"><a class=\"block_whatsapp\" href=\"https:\/\/api.whatsapp.com\/send?phone=34617152332\" target=\"_blank\" rel=\"noopener\"><img loading=\"lazy\" class=\"alignnone wp-image-84065 size-full\" src=\"https:\/\/codigoecommerce.com\/wp-content\/uploads\/2021\/04\/whatsapp-2.png\" alt=\"\" width=\"40\" height=\"40\" srcset=\"https:\/\/codigoecommerce.com\/wp-content\/uploads\/2021\/04\/whatsapp-2.png 40w, https:\/\/codigoecommerce.com\/wp-content\/uploads\/2021\/04\/whatsapp-2-36x36.png 36w\" sizes=\"(max-width: 40px) 100vw, 40px\" \/>We can also assist you by WhatsApp<br \/>\n+34 617 15 23 32 <\/a><\/div>\n<\/div><\/section>\n<\/div><\/div><\/div><!-- close content main div --><\/div><\/div><div id='b6bce'  class='avia-section main_color avia-section-small avia-no-border-styling  avia-bg-style-scroll  avia-builder-el-3  el_after_av_section  avia-builder-el-last  dw_generic  container_wrap fullsize' style=' '  ><div class='container' ><div class='template-page content  av-content-full alpha units'><div class='post-entry post-entry-type-page post-entry-85226'><div class='entry-content-wrapper clearfix'>\n<div class=\"flex_column av_one_fifth  flex_column_div av-zero-column-padding first  avia-builder-el-4  el_before_av_three_fifth  avia-builder-el-first  \" style='border-radius:0px; '><\/div><div class=\"flex_column av_three_fifth  av-animated-generic fade-in  flex_column_div av-zero-column-padding   avia-builder-el-5  el_after_av_one_fifth  el_before_av_one_fifth  \" style='border-radius:0px; '><form action=\"https:\/\/codigoecommerce.com\/en\/contacto\/\" method=\"post\"  class=\"avia_ajax_form av-form-labels-hidden   avia-builder-el-6  avia-builder-el-no-sibling  av-centered-form  av-custom-form-color av-light-form \" data-avia-form-id=\"1\" data-avia-redirect='' ><h3 class=''>Tell us a little about your project, we will help you to make it real.<\/h3><fieldset><p class='  first_form  form_element form_fullwidth' id='element_avia_1_1'><label for=\"avia_1_1\">Name\/Company name <abbr class=\"required\" title=\"required\">*<\/abbr><\/label> <input name=\"avia_1_1\" class=\"text_input is_empty\" type=\"text\" id=\"avia_1_1\" value=\"\"  placeholder='Name\/Company name*'\/><\/p><p class='  first_form  form_element form_fullwidth' id='element_avia_2_1'><label for=\"avia_2_1\">Email <abbr class=\"required\" title=\"required\">*<\/abbr><\/label> <input name=\"avia_2_1\" class=\"text_input is_email\" type=\"text\" id=\"avia_2_1\" value=\"\"  placeholder='Email*'\/><\/p><p class='  first_form  form_element form_fullwidth' id='element_avia_3_1'><label for=\"avia_3_1\">Phone number <abbr class=\"required\" title=\"required\">*<\/abbr><\/label> <input name=\"avia_3_1\" class=\"text_input is_phone\" type=\"text\" id=\"avia_3_1\" value=\"\"  placeholder='Phone number*'\/><\/p><p class='  first_form  form_element form_fullwidth' id='element_avia_4_1'><label for=\"avia_4_1\" class=\"textare_label hidden textare_label_avia_4_1\">Describe briefly what do you need<\/label><textarea  placeholder='Describe briefly what do you need' name=\"avia_4_1\" class=\"text_area \" cols=\"40\" rows=\"7\" id=\"avia_4_1\" ><\/textarea><\/p><div id='avia_5_1' class='av-form-text'><p>\n<span id=\"wow-modal-id-1\">Basic information on data protection<\/span><\/p>\n<div id=\"wow-modal-overlay-1\" class=\"wow-modal-overlay\" style=\"display:none;\"><div id=\"wow-modal-overclose-1\" class=\"wow-modal-overclose\"><\/div><div id=\"wow-modal-window-1\" class=\"wow-modal-window\" style=\"display:none;\"><div id=\"wow-modal-close-1\" class=\"mw-close-btn topRight image\"><\/div><div class=\"modal-window-content\"><div class=\"title_wow\">INFORMACI\u00d3N B\u00c1SICA SOBRE PROTECCI\u00d3N DE DATOS.<\/div>\r\n<p><strong>Responsable: https:\/\/codigoecommerce.com<\/strong><\/p>\r\n<p><strong>Datos de contacto DPO: sac@codigoecommerce.com<\/strong><\/p>\r\n<p><strong>Finalidad:\u00a0<\/strong> Mantener un contacto comercial y enviarte la informaci\u00f3n requerida o formalizar nuestra relaci\u00f3n contractual. Los datos enviados se eliminan 30 d\u00edas posterior al env\u00edo, <strong>no realizamos env\u00edo de publicidad por email.<\/strong><\/p>\r\n<p><strong>Destinatarios: <\/strong>No se ceder\u00e1n datos a terceros, salvo obligaci\u00f3n legal o salvo a empresas proveedoras nacionales y encargados de tratamiento.<\/p>\r\n<p><strong>Derechos: <\/strong>Acceder, rectificar y suprimir los datos, as\u00ed como otros derechos como se explica en la informaci\u00f3n adicional.<\/p>\r\n<p><strong>Informaci\u00f3n adicional: <\/strong>Puede consultar la informaci\u00f3n adicional y detallada sobre Protecci\u00f3n de Datos en: <a href=\"https:\/\/codigoecommerce.com\/politica-de-privacidad\/\" target=\"_blank\" rel=\"noopener\">https:\/\/codigoecommerce.com\/politica-de-privacidad\/<\/a><\/p><\/div><\/div><\/div>\n<\/div><p class=' first_form  form_element form_fullwidth av-last-visible-form-element' id='element_avia_6_1'>    <input  name=\"avia_6_1\" class=\"input_checkbox is_empty\" type=\"checkbox\" id=\"avia_6_1\" value=\"true\"\/><label class=\"input_checkbox_label\" for=\"avia_6_1\">I have read and accept the Privacy Policy <abbr class=\"required\" title=\"required\">*<\/abbr><\/label><\/p><p class=\"hidden\"><input type=\"text\" name=\"avia_7_1\" class=\"hidden \" id=\"avia_7_1\" value=\"\" \/><\/p><p class=\"form_element \"><input type=\"hidden\" value=\"1\" name=\"avia_generated_form1\" \/><input type=\"submit\" value=\"Send\" class=\"button\"  data-sending-label=\"Sending\"\/><\/p><\/fieldset><\/form><div id=\"ajaxresponse_1\" class=\"ajaxresponse ajaxresponse_1 hidden\"><\/div><\/div><div class=\"flex_column av_one_fifth  flex_column_div av-zero-column-padding   avia-builder-el-7  el_after_av_three_fifth  avia-builder-el-last  \" style='border-radius:0px; '><\/div><\/p>\n","protected":false},"excerpt":{"rendered":"","protected":false},"author":1,"featured_media":0,"parent":0,"menu_order":0,"comment_status":"closed","ping_status":"closed","template":"","meta":[],"yoast_head":"<!-- This site is optimized with the Yoast SEO plugin v17.9 - https:\/\/yoast.com\/wordpress\/plugins\/seo\/ -->\n<title>Web Design and Online Marketing in Alicante | c\u00f3digo eCommerce<\/title>\n<meta name=\"description\" content=\"\u3010Web Design and Digital Marketing Consulting\u3011 Do you want to start a business project? \u260e 617 15 23 32\" \/>\n<meta name=\"robots\" content=\"index, follow, max-snippet:-1, max-image-preview:large, max-video-preview:-1\" \/>\n<link rel=\"canonical\" href=\"https:\/\/codigoecommerce.com\/en\/contacto\/\" \/>\n<meta property=\"og:locale\" content=\"en_US\" \/>\n<meta property=\"og:type\" content=\"article\" \/>\n<meta property=\"og:title\" content=\"Web Design and Online Marketing in Alicante | c\u00f3digo eCommerce\" \/>\n<meta property=\"og:description\" content=\"\u3010Web Design and Digital Marketing Consulting\u3011 Do you want to start a business project? \u260e 617 15 23 32\" \/>\n<meta property=\"og:url\" content=\"https:\/\/codigoecommerce.com\/en\/contacto\/\" \/>\n<meta property=\"og:site_name\" content=\"C\u00f3digo eCommerce\" \/>\n<meta property=\"article:modified_time\" content=\"2021-05-22T10:07:05+00:00\" \/>\n<meta property=\"og:image\" content=\"https:\/\/codigoecommerce.com\/wp-content\/uploads\/2021\/04\/whatsapp-2.png\" \/>\n<meta name=\"twitter:card\" content=\"summary_large_image\" \/>\n<meta name=\"twitter:label1\" content=\"Est. reading time\" \/>\n\t<meta name=\"twitter:data1\" content=\"6 minutes\" \/>\n<script type=\"application\/ld+json\" class=\"yoast-schema-graph\">{\"@context\":\"https:\/\/schema.org\",\"@graph\":[{\"@type\":\"Organization\",\"@id\":\"https:\/\/codigoecommerce.com\/#organization\",\"name\":\"C\\u00d3DIGO ECOMMERCE\",\"url\":\"https:\/\/codigoecommerce.com\/\",\"sameAs\":[\"https:\/\/www.instagram.com\/codigoecommerce\/\"],\"logo\":{\"@type\":\"ImageObject\",\"@id\":\"https:\/\/codigoecommerce.com\/#logo\",\"inLanguage\":\"en-US\",\"url\":\"https:\/\/codigoecommerce.com\/wp-content\/uploads\/2021\/01\/logo-1.jpg\",\"contentUrl\":\"https:\/\/codigoecommerce.com\/wp-content\/uploads\/2021\/01\/logo-1.jpg\",\"width\":350,\"height\":70,\"caption\":\"C\\u00d3DIGO ECOMMERCE\"},\"image\":{\"@id\":\"https:\/\/codigoecommerce.com\/#logo\"}},{\"@type\":\"WebSite\",\"@id\":\"https:\/\/codigoecommerce.com\/#website\",\"url\":\"https:\/\/codigoecommerce.com\/\",\"name\":\"C\\u00d3DIGO ECOMMERCE\",\"description\":\"Consultor\\u00eda de Dise\\u00f1o y Desarrollo de p\\u00e1ginas Web.\",\"publisher\":{\"@id\":\"https:\/\/codigoecommerce.com\/#organization\"},\"potentialAction\":[{\"@type\":\"SearchAction\",\"target\":{\"@type\":\"EntryPoint\",\"urlTemplate\":\"https:\/\/codigoecommerce.com\/?s={search_term_string}\"},\"query-input\":\"required name=search_term_string\"}],\"inLanguage\":\"en-US\"},{\"@type\":\"ImageObject\",\"@id\":\"https:\/\/codigoecommerce.com\/en\/contacto\/#primaryimage\",\"inLanguage\":\"en-US\",\"url\":\"https:\/\/codigoecommerce.com\/wp-content\/uploads\/2021\/04\/whatsapp-2.png\",\"contentUrl\":\"https:\/\/codigoecommerce.com\/wp-content\/uploads\/2021\/04\/whatsapp-2.png\",\"width\":40,\"height\":40},{\"@type\":\"WebPage\",\"@id\":\"https:\/\/codigoecommerce.com\/en\/contacto\/#webpage\",\"url\":\"https:\/\/codigoecommerce.com\/en\/contacto\/\",\"name\":\"Web Design and Online Marketing in Alicante | c\\u00f3digo eCommerce\",\"isPartOf\":{\"@id\":\"https:\/\/codigoecommerce.com\/#website\"},\"primaryImageOfPage\":{\"@id\":\"https:\/\/codigoecommerce.com\/en\/contacto\/#primaryimage\"},\"datePublished\":\"2021-04-02T19:00:41+00:00\",\"dateModified\":\"2021-05-22T10:07:05+00:00\",\"description\":\"\\u3010Web Design and Digital Marketing Consulting\\u3011 Do you want to start a business project? \\u260e 617 15 23 32\",\"breadcrumb\":{\"@id\":\"https:\/\/codigoecommerce.com\/en\/contacto\/#breadcrumb\"},\"inLanguage\":\"en-US\",\"potentialAction\":[{\"@type\":\"ReadAction\",\"target\":[\"https:\/\/codigoecommerce.com\/en\/contacto\/\"]}]},{\"@type\":\"BreadcrumbList\",\"@id\":\"https:\/\/codigoecommerce.com\/en\/contacto\/#breadcrumb\",\"itemListElement\":[{\"@type\":\"ListItem\",\"position\":1,\"name\":\"Portada\",\"item\":\"https:\/\/codigoecommerce.com\/en\/\"},{\"@type\":\"ListItem\",\"position\":2,\"name\":\"CONTACTO\"}]}]}<\/script>\n<!-- \/ Yoast SEO plugin. -->","yoast_head_json":{"title":"Web Design and Online Marketing in Alicante | c\u00f3digo eCommerce","description":"\u3010Web Design and Digital Marketing Consulting\u3011 Do you want to start a business project? \u260e 617 15 23 32","robots":{"index":"index","follow":"follow","max-snippet":"max-snippet:-1","max-image-preview":"max-image-preview:large","max-video-preview":"max-video-preview:-1"},"canonical":"https:\/\/codigoecommerce.com\/en\/contacto\/","og_locale":"en_US","og_type":"article","og_title":"Web Design and Online Marketing in Alicante | c\u00f3digo eCommerce","og_description":"\u3010Web Design and Digital Marketing Consulting\u3011 Do you want to start a business project? \u260e 617 15 23 32","og_url":"https:\/\/codigoecommerce.com\/en\/contacto\/","og_site_name":"C\u00f3digo eCommerce","article_modified_time":"2021-05-22T10:07:05+00:00","og_image":[{"url":"https:\/\/codigoecommerce.com\/wp-content\/uploads\/2021\/04\/whatsapp-2.png"}],"twitter_card":"summary_large_image","twitter_misc":{"Est. reading time":"6 minutes"},"schema":{"@context":"https:\/\/schema.org","@graph":[{"@type":"Organization","@id":"https:\/\/codigoecommerce.com\/#organization","name":"C\u00d3DIGO ECOMMERCE","url":"https:\/\/codigoecommerce.com\/","sameAs":["https:\/\/www.instagram.com\/codigoecommerce\/"],"logo":{"@type":"ImageObject","@id":"https:\/\/codigoecommerce.com\/#logo","inLanguage":"en-US","url":"https:\/\/codigoecommerce.com\/wp-content\/uploads\/2021\/01\/logo-1.jpg","contentUrl":"https:\/\/codigoecommerce.com\/wp-content\/uploads\/2021\/01\/logo-1.jpg","width":350,"height":70,"caption":"C\u00d3DIGO ECOMMERCE"},"image":{"@id":"https:\/\/codigoecommerce.com\/#logo"}},{"@type":"WebSite","@id":"https:\/\/codigoecommerce.com\/#website","url":"https:\/\/codigoecommerce.com\/","name":"C\u00d3DIGO ECOMMERCE","description":"Consultor\u00eda de Dise\u00f1o y Desarrollo de p\u00e1ginas Web.","publisher":{"@id":"https:\/\/codigoecommerce.com\/#organization"},"potentialAction":[{"@type":"SearchAction","target":{"@type":"EntryPoint","urlTemplate":"https:\/\/codigoecommerce.com\/?s={search_term_string}"},"query-input":"required name=search_term_string"}],"inLanguage":"en-US"},{"@type":"ImageObject","@id":"https:\/\/codigoecommerce.com\/en\/contacto\/#primaryimage","inLanguage":"en-US","url":"https:\/\/codigoecommerce.com\/wp-content\/uploads\/2021\/04\/whatsapp-2.png","contentUrl":"https:\/\/codigoecommerce.com\/wp-content\/uploads\/2021\/04\/whatsapp-2.png","width":40,"height":40},{"@type":"WebPage","@id":"https:\/\/codigoecommerce.com\/en\/contacto\/#webpage","url":"https:\/\/codigoecommerce.com\/en\/contacto\/","name":"Web Design and Online Marketing in Alicante | c\u00f3digo eCommerce","isPartOf":{"@id":"https:\/\/codigoecommerce.com\/#website"},"primaryImageOfPage":{"@id":"https:\/\/codigoecommerce.com\/en\/contacto\/#primaryimage"},"datePublished":"2021-04-02T19:00:41+00:00","dateModified":"2021-05-22T10:07:05+00:00","description":"\u3010Web Design and Digital Marketing Consulting\u3011 Do you want to start a business project? \u260e 617 15 23 32","breadcrumb":{"@id":"https:\/\/codigoecommerce.com\/en\/contacto\/#breadcrumb"},"inLanguage":"en-US","potentialAction":[{"@type":"ReadAction","target":["https:\/\/codigoecommerce.com\/en\/contacto\/"]}]},{"@type":"BreadcrumbList","@id":"https:\/\/codigoecommerce.com\/en\/contacto\/#breadcrumb","itemListElement":[{"@type":"ListItem","position":1,"name":"Portada","item":"https:\/\/codigoecommerce.com\/en\/"},{"@type":"ListItem","position":2,"name":"CONTACTO"}]}]}},"_links":{"self":[{"href":"https:\/\/codigoecommerce.com\/en\/wp-json\/wp\/v2\/pages\/85226"}],"collection":[{"href":"https:\/\/codigoecommerce.com\/en\/wp-json\/wp\/v2\/pages"}],"about":[{"href":"https:\/\/codigoecommerce.com\/en\/wp-json\/wp\/v2\/types\/page"}],"author":[{"embeddable":true,"href":"https:\/\/codigoecommerce.com\/en\/wp-json\/wp\/v2\/users\/1"}],"replies":[{"embeddable":true,"href":"https:\/\/codigoecommerce.com\/en\/wp-json\/wp\/v2\/comments?post=85226"}],"version-history":[{"count":2,"href":"https:\/\/codigoecommerce.com\/en\/wp-json\/wp\/v2\/pages\/85226\/revisions"}],"predecessor-version":[{"id":85247,"href":"https:\/\/codigoecommerce.com\/en\/wp-json\/wp\/v2\/pages\/85226\/revisions\/85247"}],"wp:attachment":[{"href":"https:\/\/codigoecommerce.com\/en\/wp-json\/wp\/v2\/media?parent=85226"}],"curies":[{"name":"wp","href":"https:\/\/api.w.org\/{rel}","templated":true}]}}